{"id":1439,"date":"2022-06-12T00:03:07","date_gmt":"2022-06-11T22:03:07","guid":{"rendered":"http:\/\/www.mhrooz.xyz\/?page_id=1439"},"modified":"2023-02-27T17:32:30","modified_gmt":"2023-02-27T16:32:30","slug":"dsh_deutsche_sprachprufung_fur_den_hochschulzugang","status":"publish","type":"page","link":"https:\/\/blog.mhrooz.xyz\/index.php\/dsh_deutsche_sprachprufung_fur_den_hochschulzugang\/","title":{"rendered":"DSH(Deutsche Sprachpr\u00fcfung f\u00fcr den Hochschulzugang)"},"content":{"rendered":"\n<p><a href=\"http:\/\/www.mhrooz.xyz\/index.php\/2022\/06\/11\/dsh_zuo_wen\/\" target=\"_blank\" rel=\"noreferrer noopener\">\u4f5c\u6587+\u53e3\u8bed\u603b\u7ed3<\/a><\/p>\n\n\n\n<p><a href=\"http:\/\/www.mhrooz.xyz\/index.php\/2022\/06\/12\/dsh_yu_fa\/\" target=\"_blank\" rel=\"noreferrer noopener\">\u8bed\u6cd5\u9898\u603b\u7ed3<\/a><\/p>\n\n\n\n<p><a href=\"http:\/\/www.mhrooz.xyz\/index.php\/2022\/05\/26\/de_yu_yu_fa_yi_cuo_yi_hun_dian\/\" target=\"_blank\" rel=\"noreferrer noopener\">\u8bed\u6cd5\u603b\u7ed3<\/a><\/p>\n\n\n\n<h3 class=\"wp-block-heading\" id=\"wie-viel-kostet-die-prufung\"><strong>Wie viel kostet die Pr\u00fcfung?<\/strong><\/h3>\n\n\n\n<p>F\u00fcr die Pr\u00fcfungskosten entscheidet sich die Universit\u00e4t. Zur Zeit liegen die Pr\u00fcfungsgeb\u00fchren zwischen 70-150 Euro.<\/p>\n\n\n\n<blockquote class=\"wp-block-quote\">\n<p>\u5927\u5b66\u51b3\u5b9a\u8003\u8bd5\u8d39\u7528\u3002\u8003\u8bd5\u8d39\u7528\u76ee\u524d\u5728 70-150 \u6b27\u5143\u4e4b\u95f4\u3002<\/p>\n<\/blockquote>\n\n\n\n<h3 class=\"wp-block-heading\" id=\"was-bedeuten-die-ergebnisse-dsh-1-dsh-2-oder-dsh-3\"><strong>Was bedeuten die Ergebnisse DSH-1, DSH-2 oder DSH-3?<\/strong><\/h3>\n\n\n\n<p>DSH-1 entspricht einer Note zwischen 57-67%.<\/p>\n\n\n\n<p>DSH-2: 67-81%<\/p>\n\n\n\n<p>DSH-3: &gt;82%<\/p>\n\n\n\n<h3 class=\"wp-block-heading\" id=\"welche-note-muss-man-erreichen-um-an-einer-universitat-studieren-zu-konnen\"><strong>Welche Note muss man erreichen, um an einer Universit\u00e4t studieren zu k\u00f6nnen?<\/strong><\/h3>\n\n\n\n<p>An den meisten Universit\u00e4ten ist das DSH-2 Zeugnis die Voraussetzung. Einige Universit\u00e4ten verlangen f\u00fcr einige technische Studieng\u00e4nge DSH-1. Sehr selten wird das DSH-3 Zeugnis f\u00fcr die medizinischen und juristischen Studieng\u00e4nge vorausgesetzt.<\/p>\n\n\n\n<blockquote class=\"wp-block-quote\">\n<p>\u5728\u5927\u591a\u6570\u5927\u5b66\uff0cDSH-2 \u8bc1\u4e66\u662f\u5148\u51b3\u6761\u4ef6\u3002\u4e00\u4e9b\u5927\u5b66\u8981\u6c42 DSH-1 \u8fdb\u884c\u4e00\u4e9b\u6280\u672f\u8bfe\u7a0b\u3002\u533b\u5b66\u548c\u6cd5\u5f8b\u8bfe\u7a0b\u5f88\u5c11\u9700\u8981 DSH-3 \u8bc1\u4e66\u3002<\/p>\n<\/blockquote>\n\n\n\n<h3 class=\"wp-block-heading\" id=\"wie-wird-die-dsh-prufung-strukturiert\"><strong>Wie wird die DSH-Pr\u00fcfung&nbsp;strukturiert?<\/strong><\/h3>\n\n\n\n<p>Die DSH besteht im Grunde genommen aus zwei Hauptteilen:<\/p>\n\n\n\n<ol>\n<li>Schriftliche Pr\u00fcfung<\/li>\n\n\n\n<li>M\u00fcndliche Pr\u00fcfung<\/li>\n<\/ol>\n\n\n\n<p>Die beiden Pr\u00fcfungen finden nicht am selben Tag statt. Erst wird die schriftliche Pr\u00fcfung durchgef\u00fchrt. Die Studienbewerber\/innen, die den schriftlichen Teil bestanden haben, werden zu einer m\u00fcndlichen Pr\u00fcfung eingeladen.<\/p>\n\n\n\n<blockquote class=\"wp-block-quote\">\n<p>DSH\u57fa\u672c\u4e0a\u7531\u4e24\u4e2a\u4e3b\u8981\u90e8\u5206\u7ec4\u6210\uff1a\u7b14\u8bd5\u53e3\u8bd5\u3002\u4e24\u6b21\u8003\u8bd5\u4e0d\u5728\u540c\u4e00\u5929\u8fdb\u884c\u3002\u9996\u5148\u8fdb\u884c\u7b14\u8bd5\u3002\u901a\u8fc7\u4e66\u9762\u90e8\u5206\u7684\u7533\u8bf7\u4eba\u5c06\u88ab\u9080\u8bf7\u53c2\u52a0\u53e3\u8bd5\u3002<\/p>\n<\/blockquote>\n\n\n\n<h3 class=\"wp-block-heading\" id=\"wie-wird-die-gesamtnote-aus-dem-schriftlichen-und-mundlichen-teil-berechnet\"><strong>Wie wird die Gesamtnote aus dem schriftlichen und m\u00fcndlichen Teil berechnet?<\/strong><\/h3>\n\n\n\n<p>Unten sehen Sie die Tabelle:<\/p>\n\n\n\n<figure class=\"wp-block-table aligncenter\" id=\"tablepress-1\"><table><thead><tr><th><strong>SCHRIFTLICH<\/strong><\/th><th><strong>M\u00dcNDLICH<\/strong><\/th><th><strong>GESAMT<\/strong><\/th><\/tr><\/thead><tbody><tr><td>DSH 1<\/td><td>DSH 1<\/td><td>DSH 1<\/td><\/tr><tr><td>DSH 1<\/td><td>DSH 2<\/td><td>DSH 1<\/td><\/tr><tr><td>DSH 1<\/td><td>DSH 3<\/td><td>DSH 1<\/td><\/tr><tr><td>DSH 2<\/td><td>DSH 1<\/td><td>DSH 1<\/td><\/tr><tr><td>DSH 2<\/td><td>DSH 2<\/td><td>DSH 2<\/td><\/tr><tr><td>DSH 2<\/td><td>DSH 3<\/td><td>DSH 2<\/td><\/tr><tr><td>DSH 3<\/td><td>DSH 1<\/td><td>DSH 1<\/td><\/tr><tr><td>DSH 3<\/td><td>DSH 2<\/td><td>DSH 3<\/td><\/tr><\/tbody><\/table><\/figure>\n","protected":false},"excerpt":{"rendered":"<p>\u4f5c\u6587+\u53e3\u8bed\u603b\u7ed3 \u8bed\u6cd5\u9898\u603b\u7ed3 \u8bed\u6cd5\u603b\u7ed3 Wie viel kostet die Pr\u00fcfung? F\u00fcr die<a class=\"more-link\" href=\"https:\/\/blog.mhrooz.xyz\/index.php\/dsh_deutsche_sprachprufung_fur_den_hochschulzugang\/\">\u7ee7\u7eed\u9605\u8bfb<span class=\"screen-reader-text\">&#8220;DSH(Deutsche Sprachpr\u00fcfung f\u00fcr den Hochschulzugang)&#8221;<\/span><\/a><\/p>\n","protected":false},"author":3,"featured_media":0,"parent":0,"menu_order":0,"comment_status":"closed","ping_status":"closed","template":"","meta":[],"aioseo_notices":[],"_links":{"self":[{"href":"https:\/\/blog.mhrooz.xyz\/index.php\/wp-json\/wp\/v2\/pages\/1439"}],"collection":[{"href":"https:\/\/blog.mhrooz.xyz\/index.php\/wp-json\/wp\/v2\/pages"}],"about":[{"href":"https:\/\/blog.mhrooz.xyz\/index.php\/wp-json\/wp\/v2\/types\/page"}],"author":[{"embeddable":true,"href":"https:\/\/blog.mhrooz.xyz\/index.php\/wp-json\/wp\/v2\/users\/3"}],"replies":[{"embeddable":true,"href":"https:\/\/blog.mhrooz.xyz\/index.php\/wp-json\/wp\/v2\/comments?post=1439"}],"version-history":[{"count":3,"href":"https:\/\/blog.mhrooz.xyz\/index.php\/wp-json\/wp\/v2\/pages\/1439\/revisions"}],"predecessor-version":[{"id":2772,"href":"https:\/\/blog.mhrooz.xyz\/index.php\/wp-json\/wp\/v2\/pages\/1439\/revisions\/2772"}],"wp:attachment":[{"href":"https:\/\/blog.mhrooz.xyz\/index.php\/wp-json\/wp\/v2\/media?parent=1439"}],"curies":[{"name":"wp","href":"https:\/\/api.w.org\/{rel}","templated":true}]}}